{"id":2,"date":"2009-09-15T10:09:31","date_gmt":"2009-09-15T10:09:31","guid":{"rendered":"http:\/\/www.radyogencebay.com\/?page_id=2"},"modified":"2012-12-26T09:55:28","modified_gmt":"2012-12-26T07:55:28","slug":"hakkinda","status":"publish","type":"page","link":"https:\/\/radyogencebay.com\/?page_id=2","title":{"rendered":"Hakk\u0131nda"},"content":{"rendered":"<p>Radyo Gencebay, Gencebay M\u00fczi\u011fine g\u00f6n\u00fcl verenler taraf\u0131ndan kurulmu\u015f ve ticari ama\u00e7 g\u00fctmeyen bir internet radyosudur.\u00a0 Amac\u0131m\u0131z Gencebay ve M\u00fczi\u011fini t\u00fcm d\u00fcnyaya tan\u0131tmak ve sevdirmektir.<\/p>\n<p>sayg\u0131lar\u0131m\u0131zla<\/p>\n<p>radyogencebay.com<\/p>\n<p>&nbsp;<\/p>\n<p>[contact_form]<\/p>\n\n<div class=\"twitter-share\"><a href=\"https:\/\/twitter.com\/intent\/tweet?via=radyogencebay\" class=\"twitter-share-button\">Tweet<\/a><\/div>\n","protected":false},"excerpt":{"rendered":"<p>Radyo Gencebay, Gencebay M\u00fczi\u011fine g\u00f6n\u00fcl verenler taraf\u0131ndan kurulmu\u015f ve ticari ama\u00e7 g\u00fctmeyen bir internet radyosudur.\u00a0 Amac\u0131m\u0131z Gencebay ve M\u00fczi\u011fini t\u00fcm d\u00fcnyaya tan\u0131tmak ve sevdirmektir. sayg\u0131lar\u0131m\u0131zla radyogencebay.com &nbsp; [contact_form]<\/p>\n","protected":false},"author":1,"featured_media":0,"parent":0,"menu_order":0,"comment_status":"open","ping_status":"closed","template":"","meta":{"footnotes":""},"class_list":["post-2","page","type-page","status-publish","hentry"],"_links":{"self":[{"href":"https:\/\/radyogencebay.com\/index.php?rest_route=\/wp\/v2\/pages\/2","targetHints":{"allow":["GET"]}}],"collection":[{"href":"https:\/\/radyogencebay.com\/index.php?rest_route=\/wp\/v2\/pages"}],"about":[{"href":"https:\/\/radyogencebay.com\/index.php?rest_route=\/wp\/v2\/types\/page"}],"author":[{"embeddable":true,"href":"https:\/\/radyogencebay.com\/index.php?rest_route=\/wp\/v2\/users\/1"}],"replies":[{"embeddable":true,"href":"https:\/\/radyogencebay.com\/index.php?rest_route=%2Fwp%2Fv2%2Fcomments&post=2"}],"version-history":[{"count":3,"href":"https:\/\/radyogencebay.com\/index.php?rest_route=\/wp\/v2\/pages\/2\/revisions"}],"predecessor-version":[{"id":110,"href":"https:\/\/radyogencebay.com\/index.php?rest_route=\/wp\/v2\/pages\/2\/revisions\/110"}],"wp:attachment":[{"href":"https:\/\/radyogencebay.com\/index.php?rest_route=%2Fwp%2Fv2%2Fmedia&parent=2"}],"curies":[{"name":"wp","href":"https:\/\/api.w.org\/{rel}","templated":true}]}}